{"id":108,"date":"2016-12-28T20:10:45","date_gmt":"2016-12-28T20:10:45","guid":{"rendered":"https:\/\/nikoniemi.wordpress.com\/?page_id=108"},"modified":"2026-03-16T18:45:24","modified_gmt":"2026-03-16T16:45:24","slug":"niko-niemi","status":"publish","type":"page","link":"https:\/\/www.nikoniemi.fi\/","title":{"rendered":"Helsinki Guide | Guided Tours in Helsinki and Lahti \u2013 Niko Niemi"},"content":{"rendered":"\n<p><strong>Helsinki opas ja Lahti opas \u2013 Opastetut kierrokset | Niko Niemi<\/strong><\/p>\n\n\n\n<h1 class=\"wp-block-heading\"><strong>Helsinki Guide \u2013 opastetut kierrokset Helsingiss\u00e4 ja Lahdessa<\/strong><\/h1>\n\n\n\n<p><strong>Niko Niemi \u2013 auktorisoitu Helsinki-opas ja Lahti-opas<\/strong><\/p>\n\n\n\n<p>Tarjoan opastettuja kierroksia Helsingiss\u00e4 ja Lahdessa sek\u00e4 l\u00e4hialueilla. Opastukset sopivat matkailijoille, yritysryhmille, yhdistyksille ja muille ryhmille, jotka haluavat tutustua kaupunkeihin kiinnostavalla tavalla.<\/p>\n\n\n\n<p>Olen toiminut matkailuoppaana vuodesta 2004 ja Helsingin oppaana vuodesta 2007. Opastuksissani yhdistyv\u00e4t historia, paikalliset tarinat, arkkitehtuuri, elinkeinoel\u00e4m\u00e4 ja kaupunkikulttuuri.<\/p>\n\n\n\n<p>Jokainen opastus suunnitellaan ryhm\u00e4n kiinnostuksen mukaan.<\/p>\n\n\n\n<hr class=\"wp-block-separator has-alpha-channel-opacity\"\/>\n\n\n\n<h1 class=\"wp-block-heading\"><strong>Guided Tours in Helsinki<\/strong><\/h1>\n\n\n\n<blockquote class=\"wp-block-quote is-layout-flow wp-block-quote-is-layout-flow\">\n<p>I work as a professional Helsinki tour guide offering private tours for visitors and groups. My guided tours in Helsinki introduce the history, architecture and culture of Helsinki.<\/p>\n<\/blockquote>\n\n\n\n<h2 class=\"wp-block-heading\"><strong>Opastukset Helsingiss\u00e4<\/strong><\/h2>\n\n\n\n<p>Helsinki on moderni pohjoismainen p\u00e4\u00e4kaupunki, jossa historia, arkkitehtuuri ja merellinen luonto kohtaavat.<\/p>\n\n\n\n<p>Opastetuilla kierroksilla tutustumme esimerkiksi:<\/p>\n\n\n\n<ul>\n<li>Senaatintoriin ja Helsingin historialliseen keskustaan<\/li>\n\n\n\n<li>Kauppatoriin ja Etel\u00e4satamaan<\/li>\n\n\n\n<li>Helsingin arkkitehtuuriin ja designiin<\/li>\n\n\n\n<li>kaupungin historiaan ja nykyp\u00e4iv\u00e4\u00e4n<\/li>\n<\/ul>\n\n\n\n<p>Opastukset voidaan toteuttaa k\u00e4vellen tai bussilla.<\/p>\n\n\n\n<p>Jos etsit&nbsp;<strong>private tour Helsinki<\/strong>&nbsp;tai&nbsp;<strong>guided tour Helsinki<\/strong>, autan mielell\u00e4ni.<\/p>\n\n\n\n<h1 class=\"wp-block-heading\"><strong>Lahti Guide \u2013 opastukset Lahdessa<\/strong><\/h1>\n\n\n\n<p>Lahti tunnetaan urheilukaupunkina, mutta kaupungilla on my\u00f6s kiinnostava historia sek\u00e4 vahva kulttuuriperint\u00f6.<\/p>\n\n\n\n<p>Opastuksissa tutustumme esimerkiksi:<\/p>\n\n\n\n<ul>\n<li>Lahden satamaan ja Vesij\u00e4rveen<\/li>\n\n\n\n<li>Sibeliustaloon<\/li>\n\n\n\n<li>kaupungin historiaan ja teollisuuteen<\/li>\n\n\n\n<li>nykyp\u00e4iv\u00e4n Lahteen<\/li>\n<\/ul>\n\n\n\n<h1 class=\"wp-block-heading\"><strong>Suomenlinna Photo Tour<\/strong><\/h1>\n\n\n\n<p>Suomenlinna on yksi Helsingin tunnetuimmista n\u00e4ht\u00e4vyyksist\u00e4 ja erinomainen paikka valokuvaukseen.<\/p>\n\n\n\n<p>Valokuvausopastuksessa:<\/p>\n\n\n\n<ul>\n<li>tutustumme Suomenlinnan historiaan<\/li>\n\n\n\n<li>k\u00e4ymme parhaissa kuvauspaikoissa<\/li>\n\n\n\n<li>Tutustumme \u00e4lypuhelimen kameraan ja otamme selfiet<\/li>\n<\/ul>\n\n\n\n<p>Kesto: noin 1,5 tuntia<\/p>\n\n\n\n<p> 1\u201310 hengen ryhm\u00e4lle. Hinta 280 \u20ac<\/p>\n\n\n\n<hr class=\"wp-block-separator has-alpha-channel-opacity\"\/>\n\n\n\n<h1 class=\"wp-block-heading\"><strong>Kokemusta matkailuoppaana<\/strong><\/h1>\n\n\n\n<p>Olen opastanut vuosien aikana monenlaisia ryhmi\u00e4:<\/p>\n\n\n\n<ul>\n<li>matkailuryhmi\u00e4 Suomesta ja ulkomailta<\/li>\n\n\n\n<li>yritysryhmi\u00e4<\/li>\n\n\n\n<li>risteilyvieraita Helsingiss\u00e4<\/li>\n\n\n\n<li>kulttuurimatkoja<\/li>\n<\/ul>\n\n\n\n<p>Referenssej\u00e4 opastuksista:<\/p>\n\n\n\n<ul>\n<li>Helsingin kaupunkikierrokset risteilyvieraille<\/li>\n\n\n\n<li>bussiretket Billn\u00e4sin antiikkimarkkinoille<\/li>\n\n\n\n<li>antiikki- ja design-retket Helsinkiin<\/li>\n\n\n\n<li>matkanjohtajana kulttuuri- ja oopperamatkoilla<\/li>\n<\/ul>\n\n\n\n<hr class=\"wp-block-separator has-alpha-channel-opacity\"\/>\n\n\n\n<h1 class=\"wp-block-heading\"><strong>Miksi valita Niko oppaaksi<\/strong><\/h1>\n\n\n\n<ul>\n<li>auktorisoitu matkailuopas<\/li>\n\n\n\n<li>yli 20 vuoden kokemus opastuksista<\/li>\n\n\n\n<li>paikallistuntemus Helsingist\u00e4 ja Lahdesta<\/li>\n\n\n\n<li>opastukset suomeksi, ruotsiksi ja englanniksi<\/li>\n\n\n\n<li>Nikolla on kantava \u00e4\u00e4ni<\/li>\n<\/ul>\n\n\n\n<p><strong>Ota yhteytt\u00e4 ja varaa opastus<\/strong><\/p>\n\n\n\n<p>Tel +358 40 5019 362<\/p>\n\n\n\n<p>Email nikoniemi at hotmail.com<\/p>\n\n\n\n<p>Voit kysy\u00e4 vapaita\u00a0<strong>opastusp\u00e4ivi\u00e4<\/strong>\u00a0tai pyyt\u00e4\u00e4 tarjouksen ryhm\u00e4llesi.<\/p>\n","protected":false},"excerpt":{"rendered":"<p>Helsinki opas ja Lahti opas \u2013 Opastetut kierrokset | Niko Niemi Helsinki Guide \u2013 opastetut kierrokset Helsingiss\u00e4 ja Lahdessa Niko Niemi \u2013 auktorisoitu Helsinki-opas ja Lahti-opas Tarjoan opastettuja kierroksia Helsingiss\u00e4 ja Lahdessa sek\u00e4 l\u00e4hialueilla. Opastukset sopivat matkailijoille, yritysryhmille, yhdistyksille ja muille ryhmille, jotka haluavat tutustua kaupunkeihin kiinnostavalla tavalla. Olen toiminut matkailuoppaana vuodesta 2004 ja Helsingin &hellip; <\/p>\n<p class=\"link-more\"><a href=\"https:\/\/www.nikoniemi.fi\/\" class=\"more-link\">Jatka lukemista<span class=\"screen-reader-text\"> &#8221;Helsinki Guide | Guided Tours in Helsinki and Lahti \u2013 Niko Niemi&#8221;<\/span><\/a><\/p>\n","protected":false},"author":1,"featured_media":307,"parent":0,"menu_order":0,"comment_status":"closed","ping_status":"closed","template":"","meta":{"footnotes":""},"_links":{"self":[{"href":"https:\/\/www.nikoniemi.fi\/index.php\/wp-json\/wp\/v2\/pages\/108"}],"collection":[{"href":"https:\/\/www.nikoniemi.fi\/index.php\/wp-json\/wp\/v2\/pages"}],"about":[{"href":"https:\/\/www.nikoniemi.fi\/index.php\/wp-json\/wp\/v2\/types\/page"}],"author":[{"embeddable":true,"href":"https:\/\/www.nikoniemi.fi\/index.php\/wp-json\/wp\/v2\/users\/1"}],"replies":[{"embeddable":true,"href":"https:\/\/www.nikoniemi.fi\/index.php\/wp-json\/wp\/v2\/comments?post=108"}],"version-history":[{"count":83,"href":"https:\/\/www.nikoniemi.fi\/index.php\/wp-json\/wp\/v2\/pages\/108\/revisions"}],"predecessor-version":[{"id":549,"href":"https:\/\/www.nikoniemi.fi\/index.php\/wp-json\/wp\/v2\/pages\/108\/revisions\/549"}],"wp:featuredmedia":[{"embeddable":true,"href":"https:\/\/www.nikoniemi.fi\/index.php\/wp-json\/wp\/v2\/media\/307"}],"wp:attachment":[{"href":"https:\/\/www.nikoniemi.fi\/index.php\/wp-json\/wp\/v2\/media?parent=108"}],"curies":[{"name":"wp","href":"https:\/\/api.w.org\/{rel}","templated":true}]}}