{"id":6,"date":"2016-12-20T18:37:10","date_gmt":"2016-12-20T18:37:10","guid":{"rendered":"https:\/\/nikoniemi.wordpress.com\/?page_id=3"},"modified":"2026-03-16T19:51:39","modified_gmt":"2026-03-16T17:51:39","slug":"about","status":"publish","type":"page","link":"https:\/\/www.nikoniemi.fi\/index.php\/about\/","title":{"rendered":"Opastuksia, matkanjohtoa ja bussiretki\u00e4"},"content":{"rendered":"<figure id=\"attachment_307\" aria-describedby=\"caption-attachment-307\" style=\"width: 525px\" class=\"wp-caption aligncenter\"><img loading=\"lazy\" decoding=\"async\" class=\"size-large wp-image-307\" src=\"https:\/\/www.nikoniemi.fi\/wp-content\/uploads\/2018\/09\/IMG_20180910_224538-1024x506.jpg\" alt=\"\" width=\"525\" height=\"259\" srcset=\"https:\/\/www.nikoniemi.fi\/wp-content\/uploads\/2018\/09\/IMG_20180910_224538-1024x506.jpg 1024w, https:\/\/www.nikoniemi.fi\/wp-content\/uploads\/2018\/09\/IMG_20180910_224538-300x148.jpg 300w, https:\/\/www.nikoniemi.fi\/wp-content\/uploads\/2018\/09\/IMG_20180910_224538-768x380.jpg 768w, https:\/\/www.nikoniemi.fi\/wp-content\/uploads\/2018\/09\/IMG_20180910_224538.jpg 1920w\" sizes=\"(max-width: 525px) 100vw, 525px\" \/><figcaption id=\"caption-attachment-307\" class=\"wp-caption-text\">Risteilyalusopas<\/figcaption><\/figure>\n<figure id=\"attachment_313\" aria-describedby=\"caption-attachment-313\" style=\"width: 525px\" class=\"wp-caption aligncenter\"><img loading=\"lazy\" decoding=\"async\" class=\"size-large wp-image-313\" src=\"https:\/\/www.nikoniemi.fi\/wp-content\/uploads\/2018\/09\/IMG_20180705_090914-1024x768.jpg\" alt=\"\" width=\"525\" height=\"394\" srcset=\"https:\/\/www.nikoniemi.fi\/wp-content\/uploads\/2018\/09\/IMG_20180705_090914-1024x768.jpg 1024w, https:\/\/www.nikoniemi.fi\/wp-content\/uploads\/2018\/09\/IMG_20180705_090914-300x225.jpg 300w, https:\/\/www.nikoniemi.fi\/wp-content\/uploads\/2018\/09\/IMG_20180705_090914-768x576.jpg 768w, https:\/\/www.nikoniemi.fi\/wp-content\/uploads\/2018\/09\/IMG_20180705_090914.jpg 1920w\" sizes=\"(max-width: 525px) 100vw, 525px\" \/><figcaption id=\"caption-attachment-313\" class=\"wp-caption-text\">Pienryhm\u00e4opastusta<\/figcaption><\/figure>\n<p>Referenssej\u00e4:<\/p>\n<p>Helsinki-oppaana risteilyalusten vieraille. \u00a0 \u00a0 \u00a0 \u00a0 \u00a0 \u00a0 \u00a0 \u00a0 \u00a0 \u00a0 \u00a0 \u00a0 \u00a0 \u00a0 \u00a0 \u00a0 \u00a0 \u00a0 \u00a0 \u00a0 \u00a0 \u00a0 \u00a0 \u00a0 \u00a0 \u00a0 \u00a0 \u00a0 \u00a0 \u00a0 \u00a0 \u00a0 \u00a0 \u00a0 \u00a0 \u00a0 \u00a0 \u00a0 \u00a0 \u00a0 \u00a0 \u00a0 \u00a0 \u00a0 \u00a0Bussiretket Billn\u00e4sin Antiikkimarkkinoille useina vuosina.<br \/>\nAntiikkia ja Arabiaa bussiretki Hietalahden kirpputorille ja Arabiakeskukseen Helsingiss\u00e4.<br \/>\nMcDonough Shcool Consert Choir visit to Finland.<br \/>\nSan Diego Festival Chorus visit to Finland.<\/p>\n<p>Hufvudstadsbladetin lukijamatka Savonlinnan oopperaan Helsingist\u00e4 v.2024<\/p>\n<p>Rotary Convention-matkojen matkaoppaana Hampuri 2019, Toronto 2018, Atlanta 2017, Seoul 2016, Lissabon 2013, Bangkok 2011.<\/p>\n<figure id=\"attachment_373\" aria-describedby=\"caption-attachment-373\" style=\"width: 525px\" class=\"wp-caption aligncenter\"><img loading=\"lazy\" decoding=\"async\" class=\"size-large wp-image-373\" src=\"https:\/\/www.nikoniemi.fi\/wp-content\/uploads\/2019\/05\/IMG_20190525_122149-1024x768.jpg\" alt=\"\" width=\"525\" height=\"394\" srcset=\"https:\/\/www.nikoniemi.fi\/wp-content\/uploads\/2019\/05\/IMG_20190525_122149-1024x768.jpg 1024w, https:\/\/www.nikoniemi.fi\/wp-content\/uploads\/2019\/05\/IMG_20190525_122149-300x225.jpg 300w, https:\/\/www.nikoniemi.fi\/wp-content\/uploads\/2019\/05\/IMG_20190525_122149-768x576.jpg 768w, https:\/\/www.nikoniemi.fi\/wp-content\/uploads\/2019\/05\/IMG_20190525_122149.jpg 1900w\" sizes=\"(max-width: 525px) 100vw, 525px\" \/><figcaption id=\"caption-attachment-373\" class=\"wp-caption-text\">Selfie Kehonhuolto Jumissa hierojat ja m\u00e4kihypp\u00e4\u00e4j\u00e4 Julia Kykk\u00e4nen 2019<\/figcaption><\/figure>\n<figure id=\"attachment_138\" aria-describedby=\"caption-attachment-138\" style=\"width: 444px\" class=\"wp-caption alignnone\"><img loading=\"lazy\" decoding=\"async\" class=\"alignnone wp-image-138\" src=\"https:\/\/www.nikoniemi.fi\/wp-content\/uploads\/2016\/12\/img_2337p1.jpg\" alt=\"img_2337p\" width=\"444\" height=\"358\" \/><figcaption id=\"caption-attachment-138\" class=\"wp-caption-text\">Fru\u00e4ngen antiikkimessuilla Tukholmassa<\/figcaption><\/figure>\n<figure id=\"attachment_105\" aria-describedby=\"caption-attachment-105\" style=\"width: 611px\" class=\"wp-caption alignnone\"><img loading=\"lazy\" decoding=\"async\" class=\"alignnone wp-image-105\" src=\"https:\/\/www.nikoniemi.fi\/wp-content\/uploads\/2016\/12\/img_2444p.jpg\" alt=\"img_2444p\" width=\"611\" height=\"815\" srcset=\"https:\/\/www.nikoniemi.fi\/wp-content\/uploads\/2016\/12\/img_2444p.jpg 420w, https:\/\/www.nikoniemi.fi\/wp-content\/uploads\/2016\/12\/img_2444p-225x300.jpg 225w\" sizes=\"(max-width: 611px) 100vw, 611px\" \/><figcaption id=\"caption-attachment-105\" class=\"wp-caption-text\">Malmg\u00e5rdin kartanomatkalla<\/figcaption><\/figure>\n<figure id=\"attachment_207\" aria-describedby=\"caption-attachment-207\" style=\"width: 225px\" class=\"wp-caption aligncenter\"><img loading=\"lazy\" decoding=\"async\" class=\"size-medium wp-image-207\" src=\"https:\/\/www.nikoniemi.fi\/wp-content\/uploads\/2016\/12\/16105628_10154538589997639_2100390258182049511_n-225x300.jpg\" alt=\"\" width=\"225\" height=\"300\" srcset=\"https:\/\/www.nikoniemi.fi\/wp-content\/uploads\/2016\/12\/16105628_10154538589997639_2100390258182049511_n-225x300.jpg 225w, https:\/\/www.nikoniemi.fi\/wp-content\/uploads\/2016\/12\/16105628_10154538589997639_2100390258182049511_n.jpg 720w\" sizes=\"(max-width: 225px) 100vw, 225px\" \/><figcaption id=\"caption-attachment-207\" class=\"wp-caption-text\">Temppeliaukion kirkko on Helsingin parhaita vetonauloja ulkolaisille. Kuva Kim Hall.<\/figcaption><\/figure>\n<figure id=\"attachment_306\" aria-describedby=\"caption-attachment-306\" style=\"width: 525px\" class=\"wp-caption aligncenter\"><img loading=\"lazy\" decoding=\"async\" class=\"size-large wp-image-306\" src=\"https:\/\/www.nikoniemi.fi\/wp-content\/uploads\/2018\/09\/IMG_20180911_220646-1024x768.jpg\" alt=\"\" width=\"525\" height=\"394\" srcset=\"https:\/\/www.nikoniemi.fi\/wp-content\/uploads\/2018\/09\/IMG_20180911_220646-1024x768.jpg 1024w, https:\/\/www.nikoniemi.fi\/wp-content\/uploads\/2018\/09\/IMG_20180911_220646-300x225.jpg 300w, https:\/\/www.nikoniemi.fi\/wp-content\/uploads\/2018\/09\/IMG_20180911_220646-768x576.jpg 768w, https:\/\/www.nikoniemi.fi\/wp-content\/uploads\/2018\/09\/IMG_20180911_220646.jpg 1920w\" sizes=\"(max-width: 525px) 100vw, 525px\" \/><figcaption id=\"caption-attachment-306\" class=\"wp-caption-text\">Lahden kaupungintalon valtuustosalissa 2018 Kuva Jarmo Lehtonen<\/figcaption><\/figure>\n","protected":false},"excerpt":{"rendered":"<p>This is just a short excerpt for the about&nbsp;page.<\/p>\n","protected":false},"author":1,"featured_media":144,"parent":0,"menu_order":1,"comment_status":"closed","ping_status":"closed","template":"","meta":{"footnotes":""},"_links":{"self":[{"href":"https:\/\/www.nikoniemi.fi\/index.php\/wp-json\/wp\/v2\/pages\/6"}],"collection":[{"href":"https:\/\/www.nikoniemi.fi\/index.php\/wp-json\/wp\/v2\/pages"}],"about":[{"href":"https:\/\/www.nikoniemi.fi\/index.php\/wp-json\/wp\/v2\/types\/page"}],"author":[{"embeddable":true,"href":"https:\/\/www.nikoniemi.fi\/index.php\/wp-json\/wp\/v2\/users\/1"}],"replies":[{"embeddable":true,"href":"https:\/\/www.nikoniemi.fi\/index.php\/wp-json\/wp\/v2\/comments?post=6"}],"version-history":[{"count":26,"href":"https:\/\/www.nikoniemi.fi\/index.php\/wp-json\/wp\/v2\/pages\/6\/revisions"}],"predecessor-version":[{"id":551,"href":"https:\/\/www.nikoniemi.fi\/index.php\/wp-json\/wp\/v2\/pages\/6\/revisions\/551"}],"wp:featuredmedia":[{"embeddable":true,"href":"https:\/\/www.nikoniemi.fi\/index.php\/wp-json\/wp\/v2\/media\/144"}],"wp:attachment":[{"href":"https:\/\/www.nikoniemi.fi\/index.php\/wp-json\/wp\/v2\/media?parent=6"}],"curies":[{"name":"wp","href":"https:\/\/api.w.org\/{rel}","templated":true}]}}