{"id":7,"date":"2016-12-20T18:37:09","date_gmt":"2016-12-20T18:37:09","guid":{"rendered":"https:\/\/nikoniemi.wordpress.com\/?page_id=4"},"modified":"2026-03-14T15:18:52","modified_gmt":"2026-03-14T13:18:52","slug":"contact","status":"publish","type":"page","link":"https:\/\/www.nikoniemi.fi\/index.php\/contact\/","title":{"rendered":"Yhteystiedot"},"content":{"rendered":"<figure id=\"attachment_446\" aria-describedby=\"caption-attachment-446\" style=\"width: 277px\" class=\"wp-caption aligncenter\"><img loading=\"lazy\" decoding=\"async\" class=\" wp-image-446\" src=\"https:\/\/www.nikoniemi.fi\/wp-content\/uploads\/2023\/04\/IMG_4487-768x1024.jpg\" alt=\"\" width=\"277\" height=\"369\" srcset=\"https:\/\/www.nikoniemi.fi\/wp-content\/uploads\/2023\/04\/IMG_4487-768x1024.jpg 768w, https:\/\/www.nikoniemi.fi\/wp-content\/uploads\/2023\/04\/IMG_4487-225x300.jpg 225w, https:\/\/www.nikoniemi.fi\/wp-content\/uploads\/2023\/04\/IMG_4487-1152x1536.jpg 1152w, https:\/\/www.nikoniemi.fi\/wp-content\/uploads\/2023\/04\/IMG_4487.jpg 1536w\" sizes=\"(max-width: 277px) 100vw, 277px\" \/><figcaption id=\"caption-attachment-446\" class=\"wp-caption-text\">Sibeliustalolla<\/figcaption><\/figure>\n<p><span style=\"font-size: revert;\">Soita Nikolle ja kysy vapaita opastusp\u00e4ivi\u00e4 tai matkanjohtajuuksia retkip\u00e4iville.<\/span><\/p>\n<p>Puhelin 040 501 9362<\/p>\n<p>nikoniemi at hotmail.com<\/p>\n\n\n<p><\/p>\n","protected":false},"excerpt":{"rendered":"<p>This is just a short excerpt for the contact&nbsp;page.<\/p>\n","protected":false},"author":1,"featured_media":0,"parent":0,"menu_order":2,"comment_status":"closed","ping_status":"closed","template":"","meta":{"footnotes":""},"_links":{"self":[{"href":"https:\/\/www.nikoniemi.fi\/index.php\/wp-json\/wp\/v2\/pages\/7"}],"collection":[{"href":"https:\/\/www.nikoniemi.fi\/index.php\/wp-json\/wp\/v2\/pages"}],"about":[{"href":"https:\/\/www.nikoniemi.fi\/index.php\/wp-json\/wp\/v2\/types\/page"}],"author":[{"embeddable":true,"href":"https:\/\/www.nikoniemi.fi\/index.php\/wp-json\/wp\/v2\/users\/1"}],"replies":[{"embeddable":true,"href":"https:\/\/www.nikoniemi.fi\/index.php\/wp-json\/wp\/v2\/comments?post=7"}],"version-history":[{"count":15,"href":"https:\/\/www.nikoniemi.fi\/index.php\/wp-json\/wp\/v2\/pages\/7\/revisions"}],"predecessor-version":[{"id":515,"href":"https:\/\/www.nikoniemi.fi\/index.php\/wp-json\/wp\/v2\/pages\/7\/revisions\/515"}],"wp:attachment":[{"href":"https:\/\/www.nikoniemi.fi\/index.php\/wp-json\/wp\/v2\/media?parent=7"}],"curies":[{"name":"wp","href":"https:\/\/api.w.org\/{rel}","templated":true}]}}